{"id":33,"date":"2023-09-05T13:47:03","date_gmt":"2023-09-05T13:47:03","guid":{"rendered":"https:\/\/demo.bravisthemes.com\/blaxcut\/?page_id=33"},"modified":"2025-08-15T12:50:36","modified_gmt":"2025-08-15T12:50:36","slug":"iletisim","status":"publish","type":"page","link":"https:\/\/bulutprotezsac.com\/en\/iletisim\/","title":{"rendered":"Contact"},"content":{"rendered":"<div data-elementor-type=\"wp-page\" data-elementor-id=\"33\" class=\"elementor elementor-33\">\n\t\t\t\t        <section class=\"elementor-section elementor-top-section elementor-element elementor-element-8235fe7 elementor-section-stretched elementor-section-boxed elementor-section-height-default elementor-section-height-default pxl-row-scroll-none pxl-bg-color-none pxl-section-overlay-none\" data-id=\"8235fe7\" data-element_type=\"section\" data-settings=\"{&quot;stretch_section&quot;:&quot;section-stretched&quot;}\">\n\n                \n                <div class=\"elementor-container elementor-column-gap-extended\">\n                <div class=\"elementor-column elementor-col-33 elementor-top-column elementor-element elementor-element-d71d00b pxl-column-none\" data-id=\"d71d00b\" data-element_type=\"column\">\r\n        <div class=\"elementor-widget-wrap elementor-element-populated\">\r\n                     \r\n        \t\t<div class=\"elementor-element elementor-element-9b156a6 elementor-widget elementor-widget-pxl_icon_box\" data-id=\"9b156a6\" data-element_type=\"widget\" data-widget_type=\"pxl_icon_box.default\">\n\t\t\t\t<div class=\"elementor-widget-container\">\n\t\t\t\t\t<div class=\"pxl-icon-box pxl-icon-box1\" data-wow-delay=\"ms\">\r\n    <div class=\"pxl-item--inner\">\r\n        <div class=\"pxl-item-wrap\">\r\n                            <div class=\"pxl-item--icon\">\r\n                    <i aria-hidden=\"true\" class=\"flaticon flaticon-maps-and-flags\"><\/i>                <\/div>\r\n                                    <div class=\"pxl-item--holder\">\r\n                <h5 class=\"pxl-item--title el-empty\">Adres<\/h5>\r\n                <div class=\"pxl-item--text\">\r\n                    <a class=\"pxl-link-text\" href=\"https:\/\/www.google.com\/maps?sca_esv=e7acdfcc85ce9900&amp;hl=tr&amp;sxsrf=AE3TifOOJyZc11ftuDbiH7LsfO2vKvjCFw:1755262160068&amp;iflsig=AOw8s4IAAAAAaJ864GHLnUp7rm7h3bymFHygBX2aau-B&amp;gs_lp=Egdnd3Mtd2l6IglidWx1dCBwcm8qAggBMgoQIxiABBgnGIoFMgQQIxgnMgUQABiABDILEC4YgAQYxwEYrwEyBRAAGIAEMgUQABiABDIFEAAYgAQyBRAAGIAEMgUQABiABDIFEAAYgARIsRBQAFjoCHAAeACQAQCYAaUBoAHyCKoBAzEuOLgBA8gBAPgBAZgCCaACjAnCAgsQLhiABBixAxiDAcICCxAAGIAEGLEDGIMBwgIOEC4YgAQYsQMYgwEYigXCAg4QABiABBixAxiDARiKBcICERAuGIAEGLEDGNEDGIMBGMcBwgIQECMY8AUYgAQYJxjJAhiKBcICDhAuGIAEGLEDGNEDGMcBwgIIEAAYgAQYsQPCAggQLhiABBixA8ICFxAuGIAEGLEDGIMBGMcBGIoFGI4FGK8BwgIOEC4YgAQYxwEYjgUYrwGYAwCSBwMxLjigB_h3sgcDMS44uAeMCcIHBTAuOC4xyAcX&amp;um=1&amp;ie=UTF-8&amp;fb=1&amp;gl=tr&amp;sa=X&amp;geocode=KQuTHAfBo8oUMUJhVcrIf12n&amp;daddr=Ye%C5%9Filova,+1012.+Sk.+No:20,+34295+K%C3%BC%C3%A7%C3%BCk%C3%A7ekmece\/%C4%B0stanbul\" target=\"_blank\" rel=\"noopener\">\r\n                       Ye\u015filova mah. Barbaros Cad. Zuhal sok. No:4\/A D:1 K\u00fc\u00e7\u00fck\u00e7ekmece\/\u0130stanbul                    <\/a>\r\n                <\/div>\r\n            <\/div>\r\n        <\/div>\r\n    <\/div>\r\n<\/div>\t\t\t\t<\/div>\n\t\t\t\t<\/div>\n\t\t            <\/div>\r\n        <\/div>\r\n                <div class=\"elementor-column elementor-col-33 elementor-top-column elementor-element elementor-element-614c20c pxl-column-none\" data-id=\"614c20c\" data-element_type=\"column\">\r\n        <div class=\"elementor-widget-wrap elementor-element-populated\">\r\n                     \r\n        \t\t<div class=\"elementor-element elementor-element-80a1e76 elementor-widget elementor-widget-pxl_icon_box\" data-id=\"80a1e76\" data-element_type=\"widget\" data-widget_type=\"pxl_icon_box.default\">\n\t\t\t\t<div class=\"elementor-widget-container\">\n\t\t\t\t\t<div class=\"pxl-icon-box pxl-icon-box1\" data-wow-delay=\"ms\">\r\n    <div class=\"pxl-item--inner\">\r\n        <div class=\"pxl-item-wrap\">\r\n                            <div class=\"pxl-item--icon\">\r\n                    <i aria-hidden=\"true\" class=\"fas fa-phone-alt\"><\/i>                <\/div>\r\n                                    <div class=\"pxl-item--holder\">\r\n                <h5 class=\"pxl-item--title el-empty\">Telephone<\/h5>\r\n                <div class=\"pxl-item--text\">\r\n                    <a  class=\"pxl-link-text\" href=\"tel:+90 532 152 84 77\">\r\n                       0532 152 84 77                    <\/a>\r\n                <\/div>\r\n            <\/div>\r\n        <\/div>\r\n    <\/div>\r\n<\/div>\t\t\t\t<\/div>\n\t\t\t\t<\/div>\n\t\t            <\/div>\r\n        <\/div>\r\n                <div class=\"elementor-column elementor-col-33 elementor-top-column elementor-element elementor-element-6c69793 pxl-column-none\" data-id=\"6c69793\" data-element_type=\"column\">\r\n        <div class=\"elementor-widget-wrap elementor-element-populated\">\r\n                     \r\n        \t\t<div class=\"elementor-element elementor-element-24a8a33 elementor-widget elementor-widget-pxl_icon_box\" data-id=\"24a8a33\" data-element_type=\"widget\" data-widget_type=\"pxl_icon_box.default\">\n\t\t\t\t<div class=\"elementor-widget-container\">\n\t\t\t\t\t<div class=\"pxl-icon-box pxl-icon-box1\" data-wow-delay=\"ms\">\r\n    <div class=\"pxl-item--inner\">\r\n        <div class=\"pxl-item-wrap\">\r\n                            <div class=\"pxl-item--icon\">\r\n                    <i aria-hidden=\"true\" class=\"flaticon flaticon-mail\"><\/i>                <\/div>\r\n                                    <div class=\"pxl-item--holder\">\r\n                <h5 class=\"pxl-item--title el-empty\">Email<\/h5>\r\n                <div class=\"pxl-item--text\">\r\n                    <a  class=\"pxl-link-text\" href=\"mailto:info@bulutprotezsac.com\">\r\n                       info@bulutprotezsac.com                    <\/a>\r\n                <\/div>\r\n            <\/div>\r\n        <\/div>\r\n    <\/div>\r\n<\/div>\t\t\t\t<\/div>\n\t\t\t\t<\/div>\n\t\t            <\/div>\r\n        <\/div>\r\n        \t\t\t<\/div>\n\t\t<\/section>\n\t\t        <section class=\"elementor-section elementor-top-section elementor-element elementor-element-01d47e5 elementor-section-stretched elementor-section-boxed elementor-section-height-default elementor-section-height-default pxl-row-scroll-none pxl-bg-color-none pxl-section-overlay-none\" data-id=\"01d47e5\" data-element_type=\"section\" data-settings=\"{&quot;stretch_section&quot;:&quot;section-stretched&quot;}\">\n\n                \n                <div class=\"elementor-container elementor-column-gap-extended\">\n                <div class=\"elementor-column elementor-col-100 elementor-top-column elementor-element elementor-element-a614494 pxl-column-none\" data-id=\"a614494\" data-element_type=\"column\">\r\n        <div class=\"elementor-widget-wrap elementor-element-populated\">\r\n                     \r\n        \t\t<div class=\"elementor-element elementor-element-5e0dd82 elementor-widget elementor-widget-pxl_text_editor\" data-id=\"5e0dd82\" data-element_type=\"widget\" data-widget_type=\"pxl_text_editor.default\">\n\t\t\t\t<div class=\"elementor-widget-container\">\n\t\t\t\t\t<div id=\"pxl_text_editor-5e0dd82-3306\" class=\"pxl-image-wg\" duration=\"1\">\n\t<div class=\"pxl-text-editor\">\n\t\t<div class=\"pxl-item--inner\" data-wow-delay=\"ms\">\n\t\t\t<p>Follow Us<\/p>\t\t\n\t\t<\/div>\n\t<\/div>\n<\/div>\t\t\t\t<\/div>\n\t\t\t\t<\/div>\n\t\t\t\t<div class=\"elementor-element elementor-element-2a769c8 elementor-widget elementor-widget-pxl_icon\" data-id=\"2a769c8\" data-element_type=\"widget\" data-widget_type=\"pxl_icon.default\">\n\t\t\t\t<div class=\"elementor-widget-container\">\n\t\t\t\t\t    <div class=\"pxl-icon-list pxl-icon1 style-box1\" data-wow-delay=\"ms\">\r\n                                    <a class=\"elementor-repeater-item-33c20f0\" href=\"https:\/\/www.facebook.com\/profile.php?id=61570408041729\" target=\"_blank\" rel=\"noopener\">\r\n                    <i aria-hidden=\"true\" class=\"fab fa-facebook-f\"><\/i>                                    <\/a>\r\n                                                <a class=\"elementor-repeater-item-1b69f1f\" href=\"https:\/\/www.instagram.com\/bulutprotezsacveguzellik\" target=\"_blank\" rel=\"noopener\">\r\n                    <i aria-hidden=\"true\" class=\"fab fa-instagram\"><\/i>                                    <\/a>\r\n                                                <a class=\"elementor-repeater-item-4e7569e\" href=\"#\">\r\n                    <i aria-hidden=\"true\" class=\"fab fa-twitter\"><\/i>                                    <\/a>\r\n                                                <a class=\"elementor-repeater-item-a0181f5\" href=\"#\">\r\n                    <i aria-hidden=\"true\" class=\"fab fa-linkedin-in\"><\/i>                                    <\/a>\r\n                        <\/div>\r\n\t\t\t\t<\/div>\n\t\t\t\t<\/div>\n\t\t            <\/div>\r\n        <\/div>\r\n        \t\t\t<\/div>\n\t\t<\/section>\n\t\t\t\t<\/div>","protected":false},"excerpt":{"rendered":"<p>Adres Ye\u015filova mah. Barbaros Cad. Zuhal sok. No:4\/A D:1 K\u00fc\u00e7\u00fck\u00e7ekmece\/\u0130stanbul Telefon 0532 152 84 77 Email info@bulutprotezsac.com Bizi Takip Edin<\/p>","protected":false},"author":1,"featured_media":0,"parent":0,"menu_order":0,"comment_status":"closed","ping_status":"closed","template":"","meta":{"footnotes":""},"class_list":["post-33","page","type-page","status-publish","hentry"],"_links":{"self":[{"href":"https:\/\/bulutprotezsac.com\/en\/wp-json\/wp\/v2\/pages\/33","targetHints":{"allow":["GET"]}}],"collection":[{"href":"https:\/\/bulutprotezsac.com\/en\/wp-json\/wp\/v2\/pages"}],"about":[{"href":"https:\/\/bulutprotezsac.com\/en\/wp-json\/wp\/v2\/types\/page"}],"author":[{"embeddable":true,"href":"https:\/\/bulutprotezsac.com\/en\/wp-json\/wp\/v2\/users\/1"}],"replies":[{"embeddable":true,"href":"https:\/\/bulutprotezsac.com\/en\/wp-json\/wp\/v2\/comments?post=33"}],"version-history":[{"count":10,"href":"https:\/\/bulutprotezsac.com\/en\/wp-json\/wp\/v2\/pages\/33\/revisions"}],"predecessor-version":[{"id":2518,"href":"https:\/\/bulutprotezsac.com\/en\/wp-json\/wp\/v2\/pages\/33\/revisions\/2518"}],"wp:attachment":[{"href":"https:\/\/bulutprotezsac.com\/en\/wp-json\/wp\/v2\/media?parent=33"}],"curies":[{"name":"wp","href":"https:\/\/api.w.org\/{rel}","templated":true}]}}