{"id":27,"date":"2023-09-05T13:46:08","date_gmt":"2023-09-05T13:46:08","guid":{"rendered":"https:\/\/demo.bravisthemes.com\/blaxcut\/?page_id=27"},"modified":"2025-02-01T06:37:32","modified_gmt":"2025-02-01T06:37:32","slug":"hakkimizda","status":"publish","type":"page","link":"https:\/\/bulutprotezsac.com\/en\/hakkimizda\/","title":{"rendered":"About Us"},"content":{"rendered":"<div data-elementor-type=\"wp-page\" data-elementor-id=\"27\" class=\"elementor elementor-27\">\n\t\t\t\t        <section class=\"elementor-section elementor-top-section elementor-element elementor-element-c7578a2 elementor-section-stretched elementor-section-boxed elementor-section-height-default elementor-section-height-default pxl-row-scroll-none pxl-bg-color-none pxl-section-overlay-none\" data-id=\"c7578a2\" data-element_type=\"section\" data-settings=\"{&quot;stretch_section&quot;:&quot;section-stretched&quot;}\">\n\n                \n                <div class=\"elementor-container elementor-column-gap-extended\">\n                <div class=\"elementor-column elementor-col-100 elementor-top-column elementor-element elementor-element-c169822 pxl-column-none\" data-id=\"c169822\" data-element_type=\"column\">\r\n        <div class=\"elementor-widget-wrap elementor-element-populated\">\r\n                     \r\n        \t\t<div class=\"elementor-element elementor-element-e59330d elementor-widget elementor-widget-pxl_text_editor\" data-id=\"e59330d\" data-element_type=\"widget\" data-widget_type=\"pxl_text_editor.default\">\n\t\t\t\t<div class=\"elementor-widget-container\">\n\t\t\t\t\t<div id=\"pxl_text_editor-e59330d-2194\" class=\"pxl-image-wg\" duration=\"1\" data-parallax=\"{&quot;y&quot;:&quot;-40&quot;}\">\n\t<div class=\"pxl-text-editor\">\n\t\t<div class=\"pxl-item--inner\" data-wow-delay=\"ms\">\n\t\t\t<p>Bulut Prosthetic Hair was established to provide the highest quality and natural looking prosthetic hair solutions for individuals with hair loss. Our expert team works to provide you with the best service with years of experience and professionalism. We offer personalized solutions by always prioritizing customer satisfaction.<\/p>\t\t\n\t\t<\/div>\n\t<\/div>\n<\/div>\t\t\t\t<\/div>\n\t\t\t\t<\/div>\n\t\t            <\/div>\r\n        <\/div>\r\n        \t\t\t<\/div>\n\t\t<\/section>\n\t\t        <section class=\"elementor-section elementor-top-section elementor-element elementor-element-4e28a94 elementor-section-content-middle elementor-section-stretched pxl-de-gradient2 elementor-section-boxed elementor-section-height-default elementor-section-height-default pxl-row-scroll-none pxl-bg-color-none pxl-section-overlay-none\" data-id=\"4e28a94\" data-element_type=\"section\" data-settings=\"{&quot;stretch_section&quot;:&quot;section-stretched&quot;,&quot;background_background&quot;:&quot;classic&quot;}\">\n\n        <div class=\"pxl-section-bg-parallax\" data-parallax=\"{&quot;y&quot;:-100}\"><\/div>        \n                <div class=\"elementor-container elementor-column-gap-extended\">\n                <div class=\"elementor-column elementor-col-50 elementor-top-column elementor-element elementor-element-007d585 pxl-column-none\" data-id=\"007d585\" data-element_type=\"column\">\r\n        <div class=\"elementor-widget-wrap elementor-element-populated\">\r\n                     \r\n        \t\t<div class=\"elementor-element elementor-element-f9672be elementor-widget elementor-widget-pxl_meta\" data-id=\"f9672be\" data-element_type=\"widget\" data-widget_type=\"pxl_meta.default\">\n\t\t\t\t<div class=\"elementor-widget-container\">\n\t\t\t\t\t<div id=\"pxl_meta-f9672be-3202\" class=\"pxl-image-wg\" duration=\"1\">\r\n\t<div class=\"pxl-meta pxl-meta3\">\r\n\t\t<div class=\"pxl-meta-inner wow fadeInDown\" data-wow-delay=\"ms\">\r\n\t\t\t<div class=\"pxl-meta-content\">\r\n\t\t\t\t<div class=\"pxl-item-title\">\r\n\t\t\t\t\t<h5 class=\"title\">Our Vision<\/h5>\r\n\t                <span class=\"pxl-de-separator\"><\/span>\r\n\t\t\t\t<\/div>\r\n\t            <div class=\"sub-title\">Our vision is to become a leading brand in the field of prosthetic hair in Turkey and worldwide. We aim to offer the best practices in the sector with our innovative approaches and customer-oriented service approach.<\/div>\r\n\t\t\t<\/div>\r\n\t\t<\/div>\r\n\t<\/div>\r\n<\/div>\t\t\t\t<\/div>\n\t\t\t\t<\/div>\n\t\t            <\/div>\r\n        <\/div>\r\n                <div class=\"elementor-column elementor-col-50 elementor-top-column elementor-element elementor-element-4415214 pxl-column-none\" data-id=\"4415214\" data-element_type=\"column\">\r\n        <div class=\"elementor-widget-wrap elementor-element-populated\">\r\n                     \r\n        \t\t<div class=\"elementor-element elementor-element-b7c12fc elementor-widget elementor-widget-pxl_meta\" data-id=\"b7c12fc\" data-element_type=\"widget\" data-widget_type=\"pxl_meta.default\">\n\t\t\t\t<div class=\"elementor-widget-container\">\n\t\t\t\t\t<div id=\"pxl_meta-b7c12fc-8736\" class=\"pxl-image-wg\" duration=\"1\" data-parallax=\"{&quot;y&quot;:&quot;-40&quot;}\">\r\n\t<div class=\"pxl-meta pxl-meta3\">\r\n\t\t<div class=\"pxl-meta-inner wow fadeInUp\" data-wow-delay=\"ms\">\r\n\t\t\t<div class=\"pxl-meta-content\">\r\n\t\t\t\t<div class=\"pxl-item-title\">\r\n\t\t\t\t\t<h5 class=\"title\">Our Mission<\/h5>\r\n\t                <span class=\"pxl-de-separator\"><\/span>\r\n\t\t\t\t<\/div>\r\n\t            <div class=\"sub-title\">Our mission is to help individuals with hair loss regain their self-confidence and provide them with natural looking, quality prosthetic hair services. We are here to understand the needs of each of our clients and provide them with the most suitable solutions.<\/div>\r\n\t\t\t<\/div>\r\n\t\t<\/div>\r\n\t<\/div>\r\n<\/div>\t\t\t\t<\/div>\n\t\t\t\t<\/div>\n\t\t            <\/div>\r\n        <\/div>\r\n        \t\t\t<\/div>\n\t\t<\/section>\n\t\t        <section class=\"elementor-section elementor-top-section elementor-element elementor-element-d058317 elementor-section-boxed elementor-section-height-default elementor-section-height-default pxl-row-scroll-none pxl-bg-color-none pxl-section-overlay-none\" data-id=\"d058317\" data-element_type=\"section\">\n\n                \n                <div class=\"elementor-container elementor-column-gap-default\">\n                <div class=\"elementor-column elementor-col-100 elementor-top-column elementor-element elementor-element-97b2509 pxl-column-none\" data-id=\"97b2509\" data-element_type=\"column\">\r\n        <div class=\"elementor-widget-wrap elementor-element-populated\">\r\n                     \r\n        \t\t<div class=\"elementor-element elementor-element-f13db39 elementor-widget elementor-widget-pxl_text_editor\" data-id=\"f13db39\" data-element_type=\"widget\" data-widget_type=\"pxl_text_editor.default\">\n\t\t\t\t<div class=\"elementor-widget-container\">\n\t\t\t\t\t<div id=\"pxl_text_editor-f13db39-9332\" class=\"pxl-image-wg\" duration=\"1\">\n\t<div class=\"pxl-text-editor\">\n\t\t<div class=\"pxl-item--inner\" data-wow-delay=\"ms\">\n\t\t\t<h2 style=\"text-align: center\"><strong>Our Values<\/strong><\/h2><ul><li class=\"translation-block\"><strong>Customer Satisfaction<\/strong>: Our priority is always the satisfaction of our customers. We strive to understand their needs and exceed their expectations.<\/li><li class=\"translation-block\"><strong>Quality<\/strong>: Using high quality materials, we offer natural looking and long lasting prosthetic hair solutions.<\/li><li class=\"translation-block\"><strong>Professionalism<\/strong>: Our expert team provides a professional service at every stage, ensuring a reliable experience.<\/li><li class=\"translation-block\"><strong>Innovation<\/strong>: We continuously follow the innovations in the sector and develop our services using the latest technologies.<\/li><\/ul>\t\t\n\t\t<\/div>\n\t<\/div>\n<\/div>\t\t\t\t<\/div>\n\t\t\t\t<\/div>\n\t\t            <\/div>\r\n        <\/div>\r\n        \t\t\t<\/div>\n\t\t<\/section>\n\t\t        <section class=\"elementor-section elementor-top-section elementor-element elementor-element-3f39eae elementor-section-boxed elementor-section-height-default elementor-section-height-default pxl-row-scroll-none pxl-bg-color-none pxl-section-overlay-none\" data-id=\"3f39eae\" data-element_type=\"section\">\n\n                \n                <div class=\"elementor-container elementor-column-gap-default\">\n                <div class=\"elementor-column elementor-col-100 elementor-top-column elementor-element elementor-element-978d9a2 pxl-column-none\" data-id=\"978d9a2\" data-element_type=\"column\">\r\n        <div class=\"elementor-widget-wrap elementor-element-populated\">\r\n                     \r\n        \t\t<div class=\"elementor-element elementor-element-4d6cb5c elementor-widget elementor-widget-pxl_text_editor\" data-id=\"4d6cb5c\" data-element_type=\"widget\" data-widget_type=\"pxl_text_editor.default\">\n\t\t\t\t<div class=\"elementor-widget-container\">\n\t\t\t\t\t<div id=\"pxl_text_editor-4d6cb5c-5366\" class=\"pxl-image-wg\" duration=\"1\">\n\t<div class=\"pxl-text-editor\">\n\t\t<div class=\"pxl-item--inner\" data-wow-delay=\"ms\">\n\t\t\t<h2 style=\"text-align: center\"><strong>Our Services<\/strong><\/h2><p>The services we offer as Bulut Prosthetic Hair:<\/p><ul><li class=\"translation-block\"><strong>Prosthetic Hair Applications<\/strong>: Natural looking prosthetic hair applications with personalized designs.<\/li><li class=\"translation-block\"><strong>Prosthetic Hair Care<\/strong>: We extend the life of your prosthetic hair with the care services provided by our expert team.<\/li><li class=\"translation-block\"><strong>Counseling Services<\/strong>: Information and counseling services about hair loss and prosthetic hair.<\/li><\/ul>\t\t\n\t\t<\/div>\n\t<\/div>\n<\/div>\t\t\t\t<\/div>\n\t\t\t\t<\/div>\n\t\t            <\/div>\r\n        <\/div>\r\n        \t\t\t<\/div>\n\t\t<\/section>\n\t\t        <section class=\"elementor-section elementor-top-section elementor-element elementor-element-e1111f7 elementor-section-boxed elementor-section-height-default elementor-section-height-default pxl-row-scroll-none pxl-bg-color-none pxl-section-overlay-none\" data-id=\"e1111f7\" data-element_type=\"section\">\n\n                \n                <div class=\"elementor-container elementor-column-gap-default\">\n                <div class=\"elementor-column elementor-col-100 elementor-top-column elementor-element elementor-element-fb07661 pxl-column-none\" data-id=\"fb07661\" data-element_type=\"column\">\r\n        <div class=\"elementor-widget-wrap elementor-element-populated\">\r\n                     \r\n        \t\t<div class=\"elementor-element elementor-element-996c4b0 elementor-widget elementor-widget-pxl_text_editor\" data-id=\"996c4b0\" data-element_type=\"widget\" data-widget_type=\"pxl_text_editor.default\">\n\t\t\t\t<div class=\"elementor-widget-container\">\n\t\t\t\t\t<div id=\"pxl_text_editor-996c4b0-1387\" class=\"pxl-image-wg\" duration=\"1\">\n\t<div class=\"pxl-text-editor\">\n\t\t<div class=\"pxl-item--inner\" data-wow-delay=\"ms\">\n\t\t\t<div class=\"flex-shrink-0  pt-[5px]\" data-gramm=\"false\"><h2 style=\"text-align: center\"><strong>Why Should You Choose Us?<\/strong><\/h2><ul><li class=\"translation-block\"><strong>Expert Team<\/strong>: You can be sure that you will receive the best service with our experienced and expert team.<\/li><li class=\"translation-block\"><strong>Natural Appearance<\/strong>: Our prosthetic hair attracts attention with its natural appearance.<\/li><li class=\"translation-block\"><strong>Affordable Prices<\/strong>: By offering quality service at affordable prices, we provide solutions that are accessible to everyone.<\/li><li class=\"translation-block\"><strong>Customer Reviews<\/strong>: The satisfaction of our customers is the most important reference for us. By reviewing real customer experiences, you can make your decision.<\/li><\/ul><\/div>\t\t\n\t\t<\/div>\n\t<\/div>\n<\/div>\t\t\t\t<\/div>\n\t\t\t\t<\/div>\n\t\t            <\/div>\r\n        <\/div>\r\n        \t\t\t<\/div>\n\t\t<\/section>\n\t\t        <section class=\"elementor-section elementor-top-section elementor-element elementor-element-7230065 elementor-section-full_width elementor-section-stretched elementor-section-height-default elementor-section-height-default pxl-row-scroll-none pxl-full-content-with-space-none pxl-bg-color-none pxl-section-overlay-none\" data-id=\"7230065\" data-element_type=\"section\" data-settings=\"{&quot;stretch_section&quot;:&quot;section-stretched&quot;}\">\n\n                \n                <div class=\"elementor-container elementor-column-gap-extended\">\n                <div class=\"elementor-column elementor-col-100 elementor-top-column elementor-element elementor-element-890340b pxl-column-none\" data-id=\"890340b\" data-element_type=\"column\">\r\n        <div class=\"elementor-widget-wrap elementor-element-populated\">\r\n                     \r\n        \t\t<div class=\"elementor-element elementor-element-f7b503a elementor-widget elementor-widget-pxl_text_carousel\" data-id=\"f7b503a\" data-element_type=\"widget\" data-widget_type=\"pxl_text_carousel.default\">\n\t\t\t\t<div class=\"elementor-widget-container\">\n\t\t\t\t\t    <div class=\"pxl-text-carousel pxl-text-carousel1 pxl-text-slide1 style1\">\n        <div class=\"pxl-text-slide text-slide-to-left\" >\n                                <div class=\"pxl--item\" data-wow-delay=\"ms\">\n                        <div class=\"pxl-item--text\"><span>Male Prosthetic Hair<\/span><\/div>\n                    <\/div>\n                                                <div class=\"pxl--item\" data-wow-delay=\"ms\">\n                        <div class=\"pxl-item--text\"><span>Female Prosthetic Hair<\/span><\/div>\n                    <\/div>\n                                                <div class=\"pxl--item\" data-wow-delay=\"ms\">\n                        <div class=\"pxl-item--text\"><span>Personalized Designs<\/span><\/div>\n                    <\/div>\n                                                <div class=\"pxl--item\" data-wow-delay=\"ms\">\n                        <div class=\"pxl-item--text\"><span>Prosthetic Hair Care<\/span><\/div>\n                    <\/div>\n                                    <\/div>\n        <div class=\"pxl-text-fixed\">\n                                <div class=\"pxl--item\" data-wow-delay=\"ms\">\n                        <div class=\"pxl-item--text\"><span>Male Prosthetic Hair<\/span><\/div>\n                    <\/div>\n                                                <div class=\"pxl--item\" data-wow-delay=\"ms\">\n                        <div class=\"pxl-item--text\"><span>Female Prosthetic Hair<\/span><\/div>\n                    <\/div>\n                                                <div class=\"pxl--item\" data-wow-delay=\"ms\">\n                        <div class=\"pxl-item--text\"><span>Personalized Designs<\/span><\/div>\n                    <\/div>\n                                                <div class=\"pxl--item\" data-wow-delay=\"ms\">\n                        <div class=\"pxl-item--text\"><span>Prosthetic Hair Care<\/span><\/div>\n                    <\/div>\n                                    <\/div>\n    <\/div>\n\t\t\t\t<\/div>\n\t\t\t\t<\/div>\n\t\t            <\/div>\r\n        <\/div>\r\n        \t\t\t<\/div>\n\t\t<\/section>\n\t\t\t\t<\/div>","protected":false},"excerpt":{"rendered":"<p>Bulut Protez Sa\u00e7, sa\u00e7 d\u00f6k\u00fclmesi ya\u015fayan bireyler i\u00e7in en kaliteli ve do\u011fal g\u00f6r\u00fcn\u00fcml\u00fc protez sa\u00e7 \u00e7\u00f6z\u00fcmlerini sunmak amac\u0131yla kurulmu\u015ftur. Uzman ekibimiz, y\u0131llar\u0131n deneyimi ve profesyonelli\u011fi ile sizlere en iyi hizmeti vermek i\u00e7in \u00e7al\u0131\u015fmaktad\u0131r. M\u00fc\u015fteri memnuniyetini her zaman \u00f6n planda tutarak, ki\u015fiye \u00f6zel \u00e7\u00f6z\u00fcmler sunuyoruz. Vizyonumuz Vizyonumuz, T\u00fcrkiye\u2019de ve d\u00fcnya genelinde protez sa\u00e7 alan\u0131nda lider bir [&hellip;]<\/p>","protected":false},"author":1,"featured_media":0,"parent":0,"menu_order":0,"comment_status":"closed","ping_status":"closed","template":"","meta":{"footnotes":""},"class_list":["post-27","page","type-page","status-publish","hentry"],"_links":{"self":[{"href":"https:\/\/bulutprotezsac.com\/en\/wp-json\/wp\/v2\/pages\/27","targetHints":{"allow":["GET"]}}],"collection":[{"href":"https:\/\/bulutprotezsac.com\/en\/wp-json\/wp\/v2\/pages"}],"about":[{"href":"https:\/\/bulutprotezsac.com\/en\/wp-json\/wp\/v2\/types\/page"}],"author":[{"embeddable":true,"href":"https:\/\/bulutprotezsac.com\/en\/wp-json\/wp\/v2\/users\/1"}],"replies":[{"embeddable":true,"href":"https:\/\/bulutprotezsac.com\/en\/wp-json\/wp\/v2\/comments?post=27"}],"version-history":[{"count":13,"href":"https:\/\/bulutprotezsac.com\/en\/wp-json\/wp\/v2\/pages\/27\/revisions"}],"predecessor-version":[{"id":2441,"href":"https:\/\/bulutprotezsac.com\/en\/wp-json\/wp\/v2\/pages\/27\/revisions\/2441"}],"wp:attachment":[{"href":"https:\/\/bulutprotezsac.com\/en\/wp-json\/wp\/v2\/media?parent=27"}],"curies":[{"name":"wp","href":"https:\/\/api.w.org\/{rel}","templated":true}]}}