{"id":35,"date":"2023-09-05T13:47:18","date_gmt":"2023-09-05T13:47:18","guid":{"rendered":"https:\/\/demo.bravisthemes.com\/blaxcut\/?page_id=35"},"modified":"2025-08-07T15:07:36","modified_gmt":"2025-08-07T15:07:36","slug":"galeri","status":"publish","type":"page","link":"https:\/\/bulutprotezsac.com\/de\/galeri\/","title":{"rendered":"Galerie"},"content":{"rendered":"<div data-elementor-type=\"wp-page\" data-elementor-id=\"35\" class=\"elementor elementor-35\">\n\t\t\t\t        <section class=\"elementor-section elementor-top-section elementor-element elementor-element-f5abe0f elementor-section-full_width elementor-section-height-default elementor-section-height-default pxl-row-scroll-none pxl-full-content-with-space-none pxl-bg-color-none pxl-section-overlay-none\" data-id=\"f5abe0f\" data-element_type=\"section\">\n\n                \n                <div class=\"elementor-container elementor-column-gap-extended\">\n                <div class=\"elementor-column elementor-col-100 elementor-top-column elementor-element elementor-element-52e15da pxl-column-none\" data-id=\"52e15da\" data-element_type=\"column\">\r\n        <div class=\"elementor-widget-wrap elementor-element-populated\">\r\n                     \r\n        \t\t<div class=\"elementor-element elementor-element-6759dca elementor-widget elementor-widget-pxl_gallery_grid\" data-id=\"6759dca\" data-element_type=\"widget\" data-widget_type=\"pxl_gallery_grid.default\">\n\t\t\t\t<div class=\"elementor-widget-container\">\n\t\t\t\t\t    <div class=\"pxl-grid-69f86335a3f04 pxl-gallery-layout pxl-gallery-grid1 pxl-gallery-1 pxl-grid-default\">\r\n        <div class=\"pxl-grid-inner pxl-grid-masonry row\" data-gutter=\"15\">\r\n                            <div class=\"pxl-grid-item col-xl-4 col-lg-4 col-md-4 col-sm-4 col-12\">\r\n                    <div class=\"item--inner\">\r\n                        <a href=\"https:\/\/bulutprotezsac.com\/wp-content\/uploads\/2024\/12\/Snapinsta.app_294293429_1712882825742325_3128239335683903222_n_1080.jpg\" data-elementor-lightbox-slideshow=\"pxl-gallery-69f86335a3f04\">\r\n                            <img fetchpriority=\"high\" decoding=\"async\" width=\"1080\" height=\"1080\" src=\"https:\/\/bulutprotezsac.com\/wp-content\/uploads\/2024\/12\/Snapinsta.app_294293429_1712882825742325_3128239335683903222_n_1080.jpg\" class=\"no-lazyload attachment-full\" alt=\"\" \/>                            <div class=\"content-text\">\r\n                                BULUT PROTEZ SA\u00c7                            <\/div>\r\n                        <\/a>\r\n                   <\/div>\r\n                <\/div>\r\n                            <div class=\"pxl-grid-item col-xl-4 col-lg-4 col-md-4 col-sm-4 col-12\">\r\n                    <div class=\"item--inner\">\r\n                        <a href=\"https:\/\/bulutprotezsac.com\/wp-content\/uploads\/2024\/12\/Snapinsta.app_315016737_674418144060937_8432301276947656274_n_1080-800x533.jpg\" data-elementor-lightbox-slideshow=\"pxl-gallery-69f86335a3f04\">\r\n                            <img decoding=\"async\" class=\"no-lazyload\" src=\"https:\/\/bulutprotezsac.com\/wp-content\/uploads\/2024\/12\/Snapinsta.app_315016737_674418144060937_8432301276947656274_n_1080-800x533.jpg\" width=\"800\" height=\"533\" alt=\"Protez sa\u00e7 ile hayat\u0131n\u0131za yeni bir ba\u015flang\u0131\u00e7 yap\u0131n.\" title=\"Protez sa\u00e7 \u00f6ncesi sonras\u0131 1\" \/>                            <div class=\"content-text\">\r\n                                BULUT PROTEZ SA\u00c7                            <\/div>\r\n                        <\/a>\r\n                   <\/div>\r\n                <\/div>\r\n                            <div class=\"pxl-grid-item col-xl-4 col-lg-4 col-md-4 col-sm-4 col-12\">\r\n                    <div class=\"item--inner\">\r\n                        <a href=\"https:\/\/bulutprotezsac.com\/wp-content\/uploads\/2024\/12\/Snapinsta.app_315014190_163856999669651_8272934582802760282_n_1080-800x533.jpg\" data-elementor-lightbox-slideshow=\"pxl-gallery-69f86335a3f04\">\r\n                            <img decoding=\"async\" class=\"no-lazyload\" src=\"https:\/\/bulutprotezsac.com\/wp-content\/uploads\/2024\/12\/Snapinsta.app_315014190_163856999669651_8272934582802760282_n_1080-800x533.jpg\" width=\"800\" height=\"533\" alt=\"Protez sa\u00e7 \u00f6ncesi sonras\u0131 2\" title=\"Protez sa\u00e7 \u00f6ncesi sonras\u0131 2\" \/>                            <div class=\"content-text\">\r\n                                BULUT PROTEZ SA\u00c7                            <\/div>\r\n                        <\/a>\r\n                   <\/div>\r\n                <\/div>\r\n                            <div class=\"pxl-grid-item col-xl-8 col-lg-8 col-md-8 col-sm-8 col-12\">\r\n                    <div class=\"item--inner\">\r\n                        <a href=\"https:\/\/bulutprotezsac.com\/wp-content\/uploads\/2024\/12\/Snapinsta.app_338285478_170161229306311_3909944922030471440_n_1080-1080x459.jpg\" data-elementor-lightbox-slideshow=\"pxl-gallery-69f86335a3f04\">\r\n                            <img loading=\"lazy\" decoding=\"async\" class=\"no-lazyload\" src=\"https:\/\/bulutprotezsac.com\/wp-content\/uploads\/2024\/12\/Snapinsta.app_338285478_170161229306311_3909944922030471440_n_1080-1080x459.jpg\" width=\"1080\" height=\"459\" alt=\"\u00d6zg\u00fcveninizi art\u0131ran protez sa\u00e7 uygulamas\u0131: \u00d6ncesi ve sonras\u0131.\" title=\"Protez sa\u00e7 \u00f6ncesi sonras\u0131 3\" \/>                            <div class=\"content-text\">\r\n                                BULUT PROTEZ SA\u00c7                            <\/div>\r\n                        <\/a>\r\n                   <\/div>\r\n                <\/div>\r\n                            <div class=\"pxl-grid-item col-xl-4 col-lg-4 col-md-4 col-sm-4 col-12\">\r\n                    <div class=\"item--inner\">\r\n                        <a href=\"https:\/\/bulutprotezsac.com\/wp-content\/uploads\/2024\/12\/Snapinsta.app_449954224_18259295218222431_8231984472666363735_n_1080.jpg\" data-elementor-lightbox-slideshow=\"pxl-gallery-69f86335a3f04\">\r\n                            <img loading=\"lazy\" decoding=\"async\" width=\"1080\" height=\"1080\" src=\"https:\/\/bulutprotezsac.com\/wp-content\/uploads\/2024\/12\/Snapinsta.app_449954224_18259295218222431_8231984472666363735_n_1080.jpg\" class=\"no-lazyload attachment-full\" alt=\"Do\u011fal g\u00f6r\u00fcn\u00fcml\u00fc protez sa\u00e7 ile hayalinizdeki sa\u00e7lara kavu\u015fun.\" \/>                            <div class=\"content-text\">\r\n                                BULUT PROTEZ SA\u00c7                            <\/div>\r\n                        <\/a>\r\n                   <\/div>\r\n                <\/div>\r\n                            <div class=\"pxl-grid-item col-xl-4 col-lg-4 col-md-4 col-sm-4 col-12\">\r\n                    <div class=\"item--inner\">\r\n                        <a href=\"https:\/\/bulutprotezsac.com\/wp-content\/uploads\/2024\/12\/Snapinsta.app_441966643_18253750396222431_8115997865457568514_n_1080-800x533.jpg\" data-elementor-lightbox-slideshow=\"pxl-gallery-69f86335a3f04\">\r\n                            <img loading=\"lazy\" decoding=\"async\" class=\"no-lazyload\" src=\"https:\/\/bulutprotezsac.com\/wp-content\/uploads\/2024\/12\/Snapinsta.app_441966643_18253750396222431_8115997865457568514_n_1080-800x533.jpg\" width=\"800\" height=\"533\" alt=\"Sa\u00e7 d\u00f6k\u00fclmesine son! \u0130\u015fte protez sa\u00e7 mucizesi.\" title=\"Protez sa\u00e7 \u00f6ncesi sonras\u0131 9\" \/>                            <div class=\"content-text\">\r\n                                BULUT PROTEZ SA\u00c7                            <\/div>\r\n                        <\/a>\r\n                   <\/div>\r\n                <\/div>\r\n                            <div class=\"pxl-grid-item col-xl-4 col-lg-4 col-md-4 col-sm-4 col-12\">\r\n                    <div class=\"item--inner\">\r\n                        <a href=\"https:\/\/bulutprotezsac.com\/wp-content\/uploads\/2024\/12\/Snapinsta.app_420383623_18249172954222431_8844706990048945157_n_1080-800x533.jpg\" data-elementor-lightbox-slideshow=\"pxl-gallery-69f86335a3f04\">\r\n                            <img loading=\"lazy\" decoding=\"async\" class=\"no-lazyload\" src=\"https:\/\/bulutprotezsac.com\/wp-content\/uploads\/2024\/12\/Snapinsta.app_420383623_18249172954222431_8844706990048945157_n_1080-800x533.jpg\" width=\"800\" height=\"533\" alt=\"Protez sa\u00e7 uygulamas\u0131 sonras\u0131 do\u011fal ve gen\u00e7 bir g\u00f6r\u00fcn\u00fcm.\" title=\"Protez sa\u00e7 \u00f6ncesi sonras\u0131 8\" \/>                            <div class=\"content-text\">\r\n                                BULUT PROTEZ SA\u00c7                            <\/div>\r\n                        <\/a>\r\n                   <\/div>\r\n                <\/div>\r\n                            <div class=\"pxl-grid-item col-xl-4 col-lg-4 col-md-4 col-sm-4 col-12\">\r\n                    <div class=\"item--inner\">\r\n                        <a href=\"https:\/\/bulutprotezsac.com\/wp-content\/uploads\/2024\/12\/Snapinsta.app_420770300_18249172117222431_468578961763961021_n_1080-800x533.jpg\" data-elementor-lightbox-slideshow=\"pxl-gallery-69f86335a3f04\">\r\n                            <img loading=\"lazy\" decoding=\"async\" class=\"no-lazyload\" src=\"https:\/\/bulutprotezsac.com\/wp-content\/uploads\/2024\/12\/Snapinsta.app_420770300_18249172117222431_468578961763961021_n_1080-800x533.jpg\" width=\"800\" height=\"533\" alt=\"\u00d6ncesi ve sonras\u0131: Sa\u00e7lar\u0131n\u0131zla yeniden tan\u0131\u015fmaya haz\u0131r olun.\" title=\"Protez sa\u00e7 \u00f6ncesi sonras\u0131 7\" \/>                            <div class=\"content-text\">\r\n                                BULUT PROTEZ SA\u00c7                            <\/div>\r\n                        <\/a>\r\n                   <\/div>\r\n                <\/div>\r\n                            <div class=\"pxl-grid-item col-xl-4 col-lg-4 col-md-6 col-sm-6 col-12\">\r\n                    <div class=\"item--inner\">\r\n                        <a href=\"https:\/\/bulutprotezsac.com\/wp-content\/uploads\/2024\/12\/Snapinsta.app_417513771_18246422656222431_2090118282697108378_n_1080-800x533.jpg\" data-elementor-lightbox-slideshow=\"pxl-gallery-69f86335a3f04\">\r\n                            <img loading=\"lazy\" decoding=\"async\" class=\"no-lazyload\" src=\"https:\/\/bulutprotezsac.com\/wp-content\/uploads\/2024\/12\/Snapinsta.app_417513771_18246422656222431_2090118282697108378_n_1080-800x533.jpg\" width=\"800\" height=\"533\" alt=\"Protez sa\u00e7 ile de\u011fi\u015fimin g\u00fcc\u00fcn\u00fc ke\u015ffedin!\" title=\"Protez sa\u00e7 \u00f6ncesi sonras\u0131 6\" \/>                            <div class=\"content-text\">\r\n                                BULUT PROTEZ SA\u00c7                            <\/div>\r\n                        <\/a>\r\n                   <\/div>\r\n                <\/div>\r\n                            <div class=\"pxl-grid-item col-xl-4 col-lg-4 col-md-6 col-sm-6 col-12\">\r\n                    <div class=\"item--inner\">\r\n                        <a href=\"https:\/\/bulutprotezsac.com\/wp-content\/uploads\/2024\/12\/Snapinsta.app_419324729_18246422302222431_8889570822614837549_n_1080-800x533.jpg\" data-elementor-lightbox-slideshow=\"pxl-gallery-69f86335a3f04\">\r\n                            <img loading=\"lazy\" decoding=\"async\" class=\"no-lazyload\" src=\"https:\/\/bulutprotezsac.com\/wp-content\/uploads\/2024\/12\/Snapinsta.app_419324729_18246422302222431_8889570822614837549_n_1080-800x533.jpg\" width=\"800\" height=\"533\" alt=\"Sa\u00e7 d\u00f6k\u00fclmesi art\u0131k sorun de\u011fil! \u0130\u015fte sonu\u00e7lar\u0131m\u0131z.\" title=\"Protez sa\u00e7 \u00f6ncesi sonras\u0131 5\" \/>                            <div class=\"content-text\">\r\n                                BULUT PROTEZ SA\u00c7                            <\/div>\r\n                        <\/a>\r\n                   <\/div>\r\n                <\/div>\r\n                            <div class=\"pxl-grid-item col-xl-4 col-lg-4 col-md-6 col-sm-6 col-12\">\r\n                    <div class=\"item--inner\">\r\n                        <a href=\"https:\/\/bulutprotezsac.com\/wp-content\/uploads\/2024\/12\/Snapinsta.app_417583468_18246422314222431_4273307352262937216_n_1080-800x533.jpg\" data-elementor-lightbox-slideshow=\"pxl-gallery-69f86335a3f04\">\r\n                            <img loading=\"lazy\" decoding=\"async\" class=\"no-lazyload\" src=\"https:\/\/bulutprotezsac.com\/wp-content\/uploads\/2024\/12\/Snapinsta.app_417583468_18246422314222431_4273307352262937216_n_1080-800x533.jpg\" width=\"800\" height=\"533\" alt=\"Protez sa\u00e7 sonras\u0131 do\u011fal ve estetik bir g\u00f6r\u00fcn\u00fcm.\" title=\"Protez sa\u00e7 \u00f6ncesi sonras\u0131 4\" \/>                            <div class=\"content-text\">\r\n                                BULUT PROTEZ SA\u00c7                            <\/div>\r\n                        <\/a>\r\n                   <\/div>\r\n                <\/div>\r\n                            <div class=\"pxl-grid-item col-xl-4 col-lg-4 col-md-6 col-sm-6 col-12\">\r\n                    <div class=\"item--inner\">\r\n                        <a href=\"https:\/\/bulutprotezsac.com\/wp-content\/uploads\/2024\/12\/Snapinsta.app_450603607_18259539187222431_3265690810132203803_n_1080-800x533.jpg\" data-elementor-lightbox-slideshow=\"pxl-gallery-69f86335a3f04\">\r\n                            <img loading=\"lazy\" decoding=\"async\" class=\"no-lazyload\" src=\"https:\/\/bulutprotezsac.com\/wp-content\/uploads\/2024\/12\/Snapinsta.app_450603607_18259539187222431_3265690810132203803_n_1080-800x533.jpg\" width=\"800\" height=\"533\" alt=\"Protez sa\u00e7 \u00f6ncesi ve sonras\u0131: \u00d6zg\u00fcveninizi geri kazan\u0131n!\" title=\"Protez sa\u00e7 \u00f6ncesi sonras\u0131 11\" \/>                            <div class=\"content-text\">\r\n                                BULUT PROTEZ SA\u00c7                            <\/div>\r\n                        <\/a>\r\n                   <\/div>\r\n                <\/div>\r\n                        <div class=\"grid-sizer col-xl-4 col-lg-4 col-md-6 col-sm-6 col-12\"><\/div>\r\n        <\/div>\r\n    <\/div>\r\n\t\t\t\t<\/div>\n\t\t\t\t<\/div>\n\t\t            <\/div>\r\n        <\/div>\r\n        \t\t\t<\/div>\n\t\t<\/section>\n\t\t\t\t<\/div>","protected":false},"excerpt":{"rendered":"<p>BULUT PROTEZ SA\u00c7 BULUT PROTEZ SA\u00c7 BULUT PROTEZ SA\u00c7 BULUT PROTEZ SA\u00c7 BULUT PROTEZ SA\u00c7 BULUT PROTEZ SA\u00c7 BULUT PROTEZ SA\u00c7 BULUT PROTEZ SA\u00c7 BULUT PROTEZ SA\u00c7 BULUT PROTEZ SA\u00c7 BULUT PROTEZ SA\u00c7 BULUT PROTEZ SA\u00c7<\/p>","protected":false},"author":1,"featured_media":0,"parent":0,"menu_order":0,"comment_status":"closed","ping_status":"closed","template":"","meta":{"footnotes":""},"class_list":["post-35","page","type-page","status-publish","hentry"],"_links":{"self":[{"href":"https:\/\/bulutprotezsac.com\/de\/wp-json\/wp\/v2\/pages\/35","targetHints":{"allow":["GET"]}}],"collection":[{"href":"https:\/\/bulutprotezsac.com\/de\/wp-json\/wp\/v2\/pages"}],"about":[{"href":"https:\/\/bulutprotezsac.com\/de\/wp-json\/wp\/v2\/types\/page"}],"author":[{"embeddable":true,"href":"https:\/\/bulutprotezsac.com\/de\/wp-json\/wp\/v2\/users\/1"}],"replies":[{"embeddable":true,"href":"https:\/\/bulutprotezsac.com\/de\/wp-json\/wp\/v2\/comments?post=35"}],"version-history":[{"count":4,"href":"https:\/\/bulutprotezsac.com\/de\/wp-json\/wp\/v2\/pages\/35\/revisions"}],"predecessor-version":[{"id":2513,"href":"https:\/\/bulutprotezsac.com\/de\/wp-json\/wp\/v2\/pages\/35\/revisions\/2513"}],"wp:attachment":[{"href":"https:\/\/bulutprotezsac.com\/de\/wp-json\/wp\/v2\/media?parent=35"}],"curies":[{"name":"wp","href":"https:\/\/api.w.org\/{rel}","templated":true}]}}