{"id":27,"date":"2023-09-05T13:46:08","date_gmt":"2023-09-05T13:46:08","guid":{"rendered":"https:\/\/demo.bravisthemes.com\/blaxcut\/?page_id=27"},"modified":"2025-02-01T06:37:32","modified_gmt":"2025-02-01T06:37:32","slug":"hakkimizda","status":"publish","type":"page","link":"https:\/\/bulutprotezsac.com\/de\/hakkimizda\/","title":{"rendered":"\u00dcber uns"},"content":{"rendered":"<div data-elementor-type=\"wp-page\" data-elementor-id=\"27\" class=\"elementor elementor-27\">\n\t\t\t\t        <section class=\"elementor-section elementor-top-section elementor-element elementor-element-c7578a2 elementor-section-stretched elementor-section-boxed elementor-section-height-default elementor-section-height-default pxl-row-scroll-none pxl-bg-color-none pxl-section-overlay-none\" data-id=\"c7578a2\" data-element_type=\"section\" data-settings=\"{&quot;stretch_section&quot;:&quot;section-stretched&quot;}\">\n\n                \n                <div class=\"elementor-container elementor-column-gap-extended\">\n                <div class=\"elementor-column elementor-col-100 elementor-top-column elementor-element elementor-element-c169822 pxl-column-none\" data-id=\"c169822\" data-element_type=\"column\">\r\n        <div class=\"elementor-widget-wrap elementor-element-populated\">\r\n                     \r\n        \t\t<div class=\"elementor-element elementor-element-e59330d elementor-widget elementor-widget-pxl_text_editor\" data-id=\"e59330d\" data-element_type=\"widget\" data-widget_type=\"pxl_text_editor.default\">\n\t\t\t\t<div class=\"elementor-widget-container\">\n\t\t\t\t\t<div id=\"pxl_text_editor-e59330d-7280\" class=\"pxl-image-wg\" duration=\"1\" data-parallax=\"{&quot;y&quot;:&quot;-40&quot;}\">\n\t<div class=\"pxl-text-editor\">\n\t\t<div class=\"pxl-item--inner\" data-wow-delay=\"ms\">\n\t\t\t<p>Bulut Prosthetic Hair wurde gegr\u00fcndet, um qualitativ hochwertige und nat\u00fcrlich aussehende Haarprothesen f\u00fcr Menschen mit Haarausfall anzubieten. Unser Expertenteam arbeitet mit jahrelanger Erfahrung und Professionalit\u00e4t daran, Ihnen den besten Service zu bieten. Wir bieten individuelle L\u00f6sungen, bei denen die Kundenzufriedenheit stets im Vordergrund steht.<\/p>\t\t\n\t\t<\/div>\n\t<\/div>\n<\/div>\t\t\t\t<\/div>\n\t\t\t\t<\/div>\n\t\t            <\/div>\r\n        <\/div>\r\n        \t\t\t<\/div>\n\t\t<\/section>\n\t\t        <section class=\"elementor-section elementor-top-section elementor-element elementor-element-4e28a94 elementor-section-content-middle elementor-section-stretched pxl-de-gradient2 elementor-section-boxed elementor-section-height-default elementor-section-height-default pxl-row-scroll-none pxl-bg-color-none pxl-section-overlay-none\" data-id=\"4e28a94\" data-element_type=\"section\" data-settings=\"{&quot;stretch_section&quot;:&quot;section-stretched&quot;,&quot;background_background&quot;:&quot;classic&quot;}\">\n\n        <div class=\"pxl-section-bg-parallax\" data-parallax=\"{&quot;y&quot;:-100}\"><\/div>        \n                <div class=\"elementor-container elementor-column-gap-extended\">\n                <div class=\"elementor-column elementor-col-50 elementor-top-column elementor-element elementor-element-007d585 pxl-column-none\" data-id=\"007d585\" data-element_type=\"column\">\r\n        <div class=\"elementor-widget-wrap elementor-element-populated\">\r\n                     \r\n        \t\t<div class=\"elementor-element elementor-element-f9672be elementor-widget elementor-widget-pxl_meta\" data-id=\"f9672be\" data-element_type=\"widget\" data-widget_type=\"pxl_meta.default\">\n\t\t\t\t<div class=\"elementor-widget-container\">\n\t\t\t\t\t<div id=\"pxl_meta-f9672be-9741\" class=\"pxl-image-wg\" duration=\"1\">\r\n\t<div class=\"pxl-meta pxl-meta3\">\r\n\t\t<div class=\"pxl-meta-inner wow fadeInDown\" data-wow-delay=\"ms\">\r\n\t\t\t<div class=\"pxl-meta-content\">\r\n\t\t\t\t<div class=\"pxl-item-title\">\r\n\t\t\t\t\t<h5 class=\"title\">Unsere Vision<\/h5>\r\n\t                <span class=\"pxl-de-separator\"><\/span>\r\n\t\t\t\t<\/div>\r\n\t            <div class=\"sub-title\">Unsere Vision ist es, eine f\u00fchrende Marke auf dem Gebiet der Haarprothetik in der T\u00fcrkei und weltweit zu sein. Mit unseren innovativen Ans\u00e4tzen und unserem kundenorientierten Serviceansatz wollen wir die besten Anwendungen in der Branche anbieten.<\/div>\r\n\t\t\t<\/div>\r\n\t\t<\/div>\r\n\t<\/div>\r\n<\/div>\t\t\t\t<\/div>\n\t\t\t\t<\/div>\n\t\t            <\/div>\r\n        <\/div>\r\n                <div class=\"elementor-column elementor-col-50 elementor-top-column elementor-element elementor-element-4415214 pxl-column-none\" data-id=\"4415214\" data-element_type=\"column\">\r\n        <div class=\"elementor-widget-wrap elementor-element-populated\">\r\n                     \r\n        \t\t<div class=\"elementor-element elementor-element-b7c12fc elementor-widget elementor-widget-pxl_meta\" data-id=\"b7c12fc\" data-element_type=\"widget\" data-widget_type=\"pxl_meta.default\">\n\t\t\t\t<div class=\"elementor-widget-container\">\n\t\t\t\t\t<div id=\"pxl_meta-b7c12fc-9598\" class=\"pxl-image-wg\" duration=\"1\" data-parallax=\"{&quot;y&quot;:&quot;-40&quot;}\">\r\n\t<div class=\"pxl-meta pxl-meta3\">\r\n\t\t<div class=\"pxl-meta-inner wow fadeInUp\" data-wow-delay=\"ms\">\r\n\t\t\t<div class=\"pxl-meta-content\">\r\n\t\t\t\t<div class=\"pxl-item-title\">\r\n\t\t\t\t\t<h5 class=\"title\">Unser Auftrag<\/h5>\r\n\t                <span class=\"pxl-de-separator\"><\/span>\r\n\t\t\t\t<\/div>\r\n\t            <div class=\"sub-title\">Unsere Aufgabe ist es, Menschen mit Haarausfall dabei zu helfen, ihr Selbstvertrauen wiederzuerlangen, und sie mit nat\u00fcrlich aussehenden, hochwertigen Haarprothesen zu versorgen. Wir sind daf\u00fcr da, die Bed\u00fcrfnisse jedes einzelnen unserer Kunden zu verstehen und ihnen die am besten geeigneten L\u00f6sungen anzubieten.<\/div>\r\n\t\t\t<\/div>\r\n\t\t<\/div>\r\n\t<\/div>\r\n<\/div>\t\t\t\t<\/div>\n\t\t\t\t<\/div>\n\t\t            <\/div>\r\n        <\/div>\r\n        \t\t\t<\/div>\n\t\t<\/section>\n\t\t        <section class=\"elementor-section elementor-top-section elementor-element elementor-element-d058317 elementor-section-boxed elementor-section-height-default elementor-section-height-default pxl-row-scroll-none pxl-bg-color-none pxl-section-overlay-none\" data-id=\"d058317\" data-element_type=\"section\">\n\n                \n                <div class=\"elementor-container elementor-column-gap-default\">\n                <div class=\"elementor-column elementor-col-100 elementor-top-column elementor-element elementor-element-97b2509 pxl-column-none\" data-id=\"97b2509\" data-element_type=\"column\">\r\n        <div class=\"elementor-widget-wrap elementor-element-populated\">\r\n                     \r\n        \t\t<div class=\"elementor-element elementor-element-f13db39 elementor-widget elementor-widget-pxl_text_editor\" data-id=\"f13db39\" data-element_type=\"widget\" data-widget_type=\"pxl_text_editor.default\">\n\t\t\t\t<div class=\"elementor-widget-container\">\n\t\t\t\t\t<div id=\"pxl_text_editor-f13db39-7705\" class=\"pxl-image-wg\" duration=\"1\">\n\t<div class=\"pxl-text-editor\">\n\t\t<div class=\"pxl-item--inner\" data-wow-delay=\"ms\">\n\t\t\t<h2 style=\"text-align: center\"><strong>Unsere Werte<\/strong><\/h2><ul><li class=\"translation-block\"><strong>Kundenzufriedenheit<\/strong>: Unsere Priorit\u00e4t ist immer die Zufriedenheit unserer Kunden. Wir bem\u00fchen uns, ihre Bed\u00fcrfnisse zu verstehen und ihre Erwartungen zu \u00fcbertreffen.<\/li><li class=\"translation-block\"><strong>Qualit\u00e4t<\/strong>: Durch die Verwendung hochwertiger Materialien bieten wir nat\u00fcrlich aussehende und langlebige Haarprothesenl\u00f6sungen.<\/li><li class=\"translation-block\"><strong>Professionalit\u00e4t<\/strong>: Unser Expertenteam sorgt f\u00fcr eine zuverl\u00e4ssige Erfahrung, indem es in jeder Phase einen professionellen Service bietet.<\/li><li class=\"translation-block\"><strong>Innovation<\/strong>: Wir verfolgen st\u00e4ndig die Innovationen in der Branche und entwickeln unsere Dienstleistungen unter Verwendung der neuesten Technologien.<\/li><\/ul>\t\t\n\t\t<\/div>\n\t<\/div>\n<\/div>\t\t\t\t<\/div>\n\t\t\t\t<\/div>\n\t\t            <\/div>\r\n        <\/div>\r\n        \t\t\t<\/div>\n\t\t<\/section>\n\t\t        <section class=\"elementor-section elementor-top-section elementor-element elementor-element-3f39eae elementor-section-boxed elementor-section-height-default elementor-section-height-default pxl-row-scroll-none pxl-bg-color-none pxl-section-overlay-none\" data-id=\"3f39eae\" data-element_type=\"section\">\n\n                \n                <div class=\"elementor-container elementor-column-gap-default\">\n                <div class=\"elementor-column elementor-col-100 elementor-top-column elementor-element elementor-element-978d9a2 pxl-column-none\" data-id=\"978d9a2\" data-element_type=\"column\">\r\n        <div class=\"elementor-widget-wrap elementor-element-populated\">\r\n                     \r\n        \t\t<div class=\"elementor-element elementor-element-4d6cb5c elementor-widget elementor-widget-pxl_text_editor\" data-id=\"4d6cb5c\" data-element_type=\"widget\" data-widget_type=\"pxl_text_editor.default\">\n\t\t\t\t<div class=\"elementor-widget-container\">\n\t\t\t\t\t<div id=\"pxl_text_editor-4d6cb5c-7527\" class=\"pxl-image-wg\" duration=\"1\">\n\t<div class=\"pxl-text-editor\">\n\t\t<div class=\"pxl-item--inner\" data-wow-delay=\"ms\">\n\t\t\t<h2 style=\"text-align: center\"><strong>Unsere Dienstleistungen<\/strong><\/h2><p>Die Dienstleistungen, die wir als Bulut Prosthetic Hair anbieten:<\/p><ul><li class=\"translation-block\"><strong>Prothetische Haarapplikationen<\/strong>: Nat\u00fcrlich aussehende prothetische Haarapplikationen mit individuellem Design.<\/li><li class=\"translation-block\"><strong>Prothetikhaarpflege<\/strong>: Mit der Pflege durch unser Expertenteam verl\u00e4ngern wir die Lebensdauer Ihrer Haarprothese.<\/li><li class=\"translation-block\"><strong>Beratungsdienste<\/strong>: Informations- und Beratungsdienste zu Haarausfall und Haarprothesen.<\/li><\/ul>\t\t\n\t\t<\/div>\n\t<\/div>\n<\/div>\t\t\t\t<\/div>\n\t\t\t\t<\/div>\n\t\t            <\/div>\r\n        <\/div>\r\n        \t\t\t<\/div>\n\t\t<\/section>\n\t\t        <section class=\"elementor-section elementor-top-section elementor-element elementor-element-e1111f7 elementor-section-boxed elementor-section-height-default elementor-section-height-default pxl-row-scroll-none pxl-bg-color-none pxl-section-overlay-none\" data-id=\"e1111f7\" data-element_type=\"section\">\n\n                \n                <div class=\"elementor-container elementor-column-gap-default\">\n                <div class=\"elementor-column elementor-col-100 elementor-top-column elementor-element elementor-element-fb07661 pxl-column-none\" data-id=\"fb07661\" data-element_type=\"column\">\r\n        <div class=\"elementor-widget-wrap elementor-element-populated\">\r\n                     \r\n        \t\t<div class=\"elementor-element elementor-element-996c4b0 elementor-widget elementor-widget-pxl_text_editor\" data-id=\"996c4b0\" data-element_type=\"widget\" data-widget_type=\"pxl_text_editor.default\">\n\t\t\t\t<div class=\"elementor-widget-container\">\n\t\t\t\t\t<div id=\"pxl_text_editor-996c4b0-1338\" class=\"pxl-image-wg\" duration=\"1\">\n\t<div class=\"pxl-text-editor\">\n\t\t<div class=\"pxl-item--inner\" data-wow-delay=\"ms\">\n\t\t\t<div class=\"flex-shrink-0  pt-[5px]\" data-gramm=\"false\"><h2 style=\"text-align: center\"><strong>Warum sollten Sie uns bevorzugen?<\/strong><\/h2><ul><li class=\"translation-block\"><strong>Experten-Team<\/strong>: Mit unserem erfahrenen und kompetenten Team k\u00f6nnen Sie sicher sein, dass Sie den besten Service erhalten.<\/li><li class=\"translation-block\"><strong>Nat\u00fcrliches Erscheinungsbild<\/strong>: Unsere Haarprothese f\u00e4llt durch ihr nat\u00fcrliches Aussehen auf.<\/li><li class=\"translation-block\"><strong>Erschwingliche Preise<\/strong>: Durch das Angebot von Qualit\u00e4tsdienstleistungen zu erschwinglichen Preisen bieten wir L\u00f6sungen, die f\u00fcr jedermann zug\u00e4nglich sind.<\/li><li class=\"translation-block\"><strong>Kundenrezensionen<\/strong>: Die Zufriedenheit unserer Kunden ist f\u00fcr uns die wichtigste Referenz. Indem Sie echte Kundenerfahrungen pr\u00fcfen, k\u00f6nnen Sie Ihre Entscheidung treffen.<\/li><\/ul><\/div>\t\t\n\t\t<\/div>\n\t<\/div>\n<\/div>\t\t\t\t<\/div>\n\t\t\t\t<\/div>\n\t\t            <\/div>\r\n        <\/div>\r\n        \t\t\t<\/div>\n\t\t<\/section>\n\t\t        <section class=\"elementor-section elementor-top-section elementor-element elementor-element-7230065 elementor-section-full_width elementor-section-stretched elementor-section-height-default elementor-section-height-default pxl-row-scroll-none pxl-full-content-with-space-none pxl-bg-color-none pxl-section-overlay-none\" data-id=\"7230065\" data-element_type=\"section\" data-settings=\"{&quot;stretch_section&quot;:&quot;section-stretched&quot;}\">\n\n                \n                <div class=\"elementor-container elementor-column-gap-extended\">\n                <div class=\"elementor-column elementor-col-100 elementor-top-column elementor-element elementor-element-890340b pxl-column-none\" data-id=\"890340b\" data-element_type=\"column\">\r\n        <div class=\"elementor-widget-wrap elementor-element-populated\">\r\n                     \r\n        \t\t<div class=\"elementor-element elementor-element-f7b503a elementor-widget elementor-widget-pxl_text_carousel\" data-id=\"f7b503a\" data-element_type=\"widget\" data-widget_type=\"pxl_text_carousel.default\">\n\t\t\t\t<div class=\"elementor-widget-container\">\n\t\t\t\t\t    <div class=\"pxl-text-carousel pxl-text-carousel1 pxl-text-slide1 style1\">\n        <div class=\"pxl-text-slide text-slide-to-left\" >\n                                <div class=\"pxl--item\" data-wow-delay=\"ms\">\n                        <div class=\"pxl-item--text\"><span>M\u00e4nnliche Haarprothesen<\/span><\/div>\n                    <\/div>\n                                                <div class=\"pxl--item\" data-wow-delay=\"ms\">\n                        <div class=\"pxl-item--text\"><span>Weibliche Haarprothese<\/span><\/div>\n                    <\/div>\n                                                <div class=\"pxl--item\" data-wow-delay=\"ms\">\n                        <div class=\"pxl-item--text\"><span>Personalisierte Designs<\/span><\/div>\n                    <\/div>\n                                                <div class=\"pxl--item\" data-wow-delay=\"ms\">\n                        <div class=\"pxl-item--text\"><span>Prothesen-Haarpflege<\/span><\/div>\n                    <\/div>\n                                    <\/div>\n        <div class=\"pxl-text-fixed\">\n                                <div class=\"pxl--item\" data-wow-delay=\"ms\">\n                        <div class=\"pxl-item--text\"><span>M\u00e4nnliche Haarprothesen<\/span><\/div>\n                    <\/div>\n                                                <div class=\"pxl--item\" data-wow-delay=\"ms\">\n                        <div class=\"pxl-item--text\"><span>Weibliche Haarprothese<\/span><\/div>\n                    <\/div>\n                                                <div class=\"pxl--item\" data-wow-delay=\"ms\">\n                        <div class=\"pxl-item--text\"><span>Personalisierte Designs<\/span><\/div>\n                    <\/div>\n                                                <div class=\"pxl--item\" data-wow-delay=\"ms\">\n                        <div class=\"pxl-item--text\"><span>Prothesen-Haarpflege<\/span><\/div>\n                    <\/div>\n                                    <\/div>\n    <\/div>\n\t\t\t\t<\/div>\n\t\t\t\t<\/div>\n\t\t            <\/div>\r\n        <\/div>\r\n        \t\t\t<\/div>\n\t\t<\/section>\n\t\t\t\t<\/div>","protected":false},"excerpt":{"rendered":"<p>Bulut Protez Sa\u00e7, sa\u00e7 d\u00f6k\u00fclmesi ya\u015fayan bireyler i\u00e7in en kaliteli ve do\u011fal g\u00f6r\u00fcn\u00fcml\u00fc protez sa\u00e7 \u00e7\u00f6z\u00fcmlerini sunmak amac\u0131yla kurulmu\u015ftur. Uzman ekibimiz, y\u0131llar\u0131n deneyimi ve profesyonelli\u011fi ile sizlere en iyi hizmeti vermek i\u00e7in \u00e7al\u0131\u015fmaktad\u0131r. M\u00fc\u015fteri memnuniyetini her zaman \u00f6n planda tutarak, ki\u015fiye \u00f6zel \u00e7\u00f6z\u00fcmler sunuyoruz. Vizyonumuz Vizyonumuz, T\u00fcrkiye\u2019de ve d\u00fcnya genelinde protez sa\u00e7 alan\u0131nda lider bir [&hellip;]<\/p>","protected":false},"author":1,"featured_media":0,"parent":0,"menu_order":0,"comment_status":"closed","ping_status":"closed","template":"","meta":{"footnotes":""},"class_list":["post-27","page","type-page","status-publish","hentry"],"_links":{"self":[{"href":"https:\/\/bulutprotezsac.com\/de\/wp-json\/wp\/v2\/pages\/27","targetHints":{"allow":["GET"]}}],"collection":[{"href":"https:\/\/bulutprotezsac.com\/de\/wp-json\/wp\/v2\/pages"}],"about":[{"href":"https:\/\/bulutprotezsac.com\/de\/wp-json\/wp\/v2\/types\/page"}],"author":[{"embeddable":true,"href":"https:\/\/bulutprotezsac.com\/de\/wp-json\/wp\/v2\/users\/1"}],"replies":[{"embeddable":true,"href":"https:\/\/bulutprotezsac.com\/de\/wp-json\/wp\/v2\/comments?post=27"}],"version-history":[{"count":13,"href":"https:\/\/bulutprotezsac.com\/de\/wp-json\/wp\/v2\/pages\/27\/revisions"}],"predecessor-version":[{"id":2441,"href":"https:\/\/bulutprotezsac.com\/de\/wp-json\/wp\/v2\/pages\/27\/revisions\/2441"}],"wp:attachment":[{"href":"https:\/\/bulutprotezsac.com\/de\/wp-json\/wp\/v2\/media?parent=27"}],"curies":[{"name":"wp","href":"https:\/\/api.w.org\/{rel}","templated":true}]}}