{"id":2388,"date":"2024-12-26T16:44:25","date_gmt":"2024-12-26T16:44:25","guid":{"rendered":"https:\/\/bulutprotezsac.com\/?page_id=2388"},"modified":"2024-12-26T16:44:26","modified_gmt":"2024-12-26T16:44:26","slug":"protez-sac-modelleri-ve-fiyatlari","status":"publish","type":"page","link":"https:\/\/bulutprotezsac.com\/de\/protez-sac-modelleri-ve-fiyatlari\/","title":{"rendered":"Haarprothesenmodelle und Preise"},"content":{"rendered":"<h2 class=\"wp-block-heading\">Ausf\u00fchrlicher Leitfaden \u00fcber Prothesenmodelle und Preise<\/h2>\n\n\n\n<p class=\"translation-block\">Haarprothesen sind eine Methode, die eine \u00e4sthetische und praktische L\u00f6sung f\u00fcr Menschen mit Haarausfall bietet. Diese Methode, die heute sowohl von Frauen als auch von M\u00e4nnern bevorzugt wird, besticht durch ihr nat\u00fcrliches Aussehen und ihre einfache Anwendung. In diesem Artikel finden Sie ausf\u00fchrliche Informationen \u00fcber Prothesenmodelle, Preise, Anwenderberichte und Pflegeverfahren.<\/p>\n\n\n\n<hr class=\"wp-block-separator has-alpha-channel-opacity\"\/>\n\n\n\n<h3 class=\"wp-block-heading\"><strong>Was ist Prothesenhaar?<\/strong><\/h3>\n\n\n\n<p class=\"translation-block\">Sa\u00e7 protezi, sa\u00e7 d\u00f6k\u00fclmesi ya\u015fayan bireyler i\u00e7in \u00f6zel olarak tasarlanan ve sa\u00e7 derisine yap\u0131\u015ft\u0131r\u0131larak kullan\u0131lan bir sa\u00e7 sistemidir. Die aus 100 % Echthaar hergestellte Haarprothese bietet ein nat\u00fcrliches Aussehen und ist der Haarstruktur des Betroffenen angepasst. Bu y\u00f6ntem, sa\u00e7 d\u00f6k\u00fclmesine kar\u015f\u0131 kal\u0131c\u0131 bir \u00e7\u00f6z\u00fcm sunmasa da, estetik a\u00e7\u0131dan olduk\u00e7a tatmin edici sonu\u00e7lar sa\u011flar.<\/p>\n\n\n\n<p>Bei der Anwendung von Prothesenhaaren wird von Experten ein spezielles Design erstellt, das die Haarstruktur, die Gesichtsform und den Lebensstil der Person ber\u00fccksichtigt. Auf diese Weise wird sichergestellt, dass die Haarprothese nat\u00fcrlich und langlebig aussieht.<\/p>\n\n\n\n<hr class=\"wp-block-separator has-alpha-channel-opacity\"\/>\n\n\n\n<h3 class=\"wp-block-heading\"><strong>Haarprothesenmodelle<\/strong><\/h3>\n\n\n\n<p>Prothetische Haarmodelle variieren je nach Vorliebe und Lebensstil der Person. Besonders f\u00fcr M\u00e4nner gibt es viele Optionen in verschiedenen L\u00e4ngen und Stilen. Hier sind die beliebtesten Modelle f\u00fcr Haarprothesen:<\/p>\n\n\n\n<ol class=\"wp-block-list\">\n<li><strong>Kurze Haarprothesenmodelle<\/strong><br>Diese Modelle wurden f\u00fcr M\u00e4nner entwickelt, die kurze Haare lieben, und bieten einen modernen und stilvollen Look. Es ist sehr praktisch f\u00fcr den t\u00e4glichen Gebrauch und leicht zu pflegen.<\/li>\n\n\n\n<li><strong>M\u00e4nnliche Haarprothesenmodelle<\/strong><br>Speziell f\u00fcr M\u00e4nner entwickelte Prothesenmodelle werden in \u00dcbereinstimmung mit den Gesichtsz\u00fcgen und der Haarstruktur der Person angefertigt. Die Wahl der Frisur ist sehr wichtig, um ein nat\u00fcrliches Aussehen zu erzielen.<\/li>\n\n\n\n<li><strong>Lange und mittlere Modelle<\/strong><br>Lange Kunsthaarmodelle k\u00f6nnen f\u00fcr diejenigen bevorzugt werden, die ein volumin\u00f6seres und auff\u00e4lligeres Aussehen w\u00fcnschen. Diese Modelle werden im Allgemeinen von Personen bevorzugt, die ein j\u00fcngeres Aussehen erreichen wollen.<\/li>\n\n\n\n<li><strong>M\u00e4nnliche Haarprothesenmodelle<\/strong><br>Die Haarprothesen f\u00fcr M\u00e4nner sind in der Regel kurz und mittellang. Diese Modelle k\u00f6nnen sowohl im Gesch\u00e4ftsleben als auch im Alltag problemlos eingesetzt werden.<\/li>\n<\/ol>\n\n\n\n<hr class=\"wp-block-separator has-alpha-channel-opacity\"\/>\n\n\n\n<h2 class=\"wp-block-heading\"><strong>Preise f\u00fcr Haarprothesen<\/strong><\/h2>\n\n\n\n<p class=\"translation-block\">Die Preise f\u00fcr Kunsthaar variieren je nach verwendetem Material, L\u00e4nge und Dichte des Haars und dem Anwendungszentrum. In Izmir zum Beispiel sind die Preise f\u00fcr Haarprothesen im Vergleich zu anderen Gro\u00dfst\u00e4dten g\u00fcnstiger. Im Allgemeinen liegen die Preise f\u00fcr M\u00e4nnerhaarprothesen zwischen 5.000 TL und 15.000 TL. Die Preise k\u00f6nnen jedoch je nach den Bed\u00fcrfnissen der Person und dem bevorzugten Modell variieren.<\/p>\n\n\n\n<p>Bei der Festlegung des Preises f\u00fcr Haarprothesen werden die folgenden Faktoren ber\u00fccksichtigt:<\/p>\n\n\n\n<ul class=\"wp-block-list\">\n<li class=\"translation-block\">Qualit\u00e4t des verwendeten Haares (z.B. Verwendung von 100% Echthaar)<\/li>\n\n\n\n<li>Dichte und L\u00e4nge der Prothesenhaare<\/li>\n\n\n\n<li>Kompetenzniveau des Anwendungszentrums<\/li>\n\n\n\n<li>Wartungsdienste und Garantiezeit<\/li>\n<\/ul>\n\n\n\n<hr class=\"wp-block-separator has-alpha-channel-opacity\"\/>\n\n\n\n<h2 class=\"wp-block-heading\"><strong>Bewertungen von Nutzern von Haarprothesen<\/strong><\/h2>\n\n\n\n<p>Die Kommentare derjenigen, die eine Haarprothese verwenden, sind sehr aufschlussreich f\u00fcr diejenigen, die diese Methode in Betracht ziehen. Die Nutzer geben im Allgemeinen an, dass sie mit dem nat\u00fcrlichen Aussehen und der einfachen Handhabung der Haarplastik zufrieden sind. Es wird jedoch h\u00e4ufig betont, dass Prothesenhaar eine regelm\u00e4\u00dfige Pflege erfordert, die nicht vernachl\u00e4ssigt werden sollte.<\/p>\n\n\n\n<p>Einige Nutzerkommentare lauten wie folgt:<\/p>\n\n\n\n<ul class=\"wp-block-list\">\n<li>\"Dank der von den Experten f\u00fcr Haarprothetik durchgef\u00fchrten Eingriffe habe ich ein sehr nat\u00fcrliches Aussehen erhalten, das niemandem auff\u00e4llt!\u201c<\/li>\n\n\n\n<li>\"Ich hatte anfangs Bedenken, aber mit der Beratung durch unsere Prothesenspezialisten habe ich das richtige Modell gew\u00e4hlt und bin sehr zufrieden.\u201c<\/li>\n\n\n\n<li>\"Wenn Sie Ihre Haarprothese regelm\u00e4\u00dfig pflegen, ist eine lange Nutzungsdauer gew\u00e4hrleistet.<\/li>\n<\/ul>\n\n\n\n<hr class=\"wp-block-separator has-alpha-channel-opacity\"\/>\n\n\n\n<h2 class=\"wp-block-heading\"><strong>Prothesen-Haarpflege<\/strong><\/h2>\n\n\n\n<p>Eine regelm\u00e4\u00dfige Pflege ist f\u00fcr die Langlebigkeit von Prothesenhaar unerl\u00e4sslich. Bei der Pflege von Prothesenhaaren sind folgende Punkte zu beachten:<\/p>\n\n\n\n<ul class=\"wp-block-list\">\n<li><strong>Regelm\u00e4\u00dfige Reinigung des Prothesenhaars:<\/strong> Es sollten geeignete Produkte verwendet werden, um die Kopfhaut nicht zu reizen.<\/li>\n\n\n\n<li><strong>Lassen Sie Ihre Haarprothese von Experten pflegen:<\/strong> Eine professionelle Pflege beugt Haarsch\u00e4den vor und verl\u00e4ngert die Lebensdauer der Haare.<\/li>\n\n\n\n<li><strong>Pflege der Person nach dem Modell der Haarprothese:<\/strong> Jedes Modell kann eine andere Pflegeroutine erfordern. Kurze Prothesenmodelle ben\u00f6tigen zum Beispiel weniger Pflege, w\u00e4hrend lange Modelle mehr Pflege ben\u00f6tigen.<\/li>\n<\/ul>\n\n\n\n<hr class=\"wp-block-separator has-alpha-channel-opacity\"\/>\n\n\n\n<h2 class=\"wp-block-heading\"><strong>Vorteile der Haarprothese<\/strong><\/h2>\n\n\n\n<p>Haarprothesen bieten viele Vorteile f\u00fcr Menschen mit Haarausfall:<\/p>\n\n\n\n<ul class=\"wp-block-list\">\n<li><strong>Nat\u00fcrliches Erscheinungsbild:<\/strong> Aus Echthaar hergestellte Prothesen sorgen f\u00fcr ein nat\u00fcrliches Aussehen.<\/li>\n\n\n\n<li><strong>H\u0131zl\u0131 \u00c7\u00f6z\u00fcm:<\/strong> Im Gegensatz zu langwierigen Eingriffen wie einer Haartransplantation ist die prothetische Haaranwendung in kurzer Zeit abgeschlossen.<\/li>\n\n\n\n<li><strong>Ki\u015fiye \u00d6zel Tasar\u0131m:<\/strong> Die Haarprothese wird in \u00dcbereinstimmung mit der Gesichtsform und der Haarstruktur der Person entworfen.<\/li>\n\n\n\n<li><strong>Uzun \u00d6m\u00fcrl\u00fc Kullan\u0131m:<\/strong> Bei regelm\u00e4\u00dfiger Pflege kann die Haarprothese viele Jahre lang verwendet werden.<\/li>\n<\/ul>\n\n\n\n<hr class=\"wp-block-separator has-alpha-channel-opacity\"\/>\n\n\n\n<p class=\"translation-block\">Haarprothesen bieten eine \u00e4sthetische und praktische L\u00f6sung gegen Haarausfall. Es gibt eine breite Palette von Prothesenmodellen f\u00fcr M\u00e4nner, aber die Preise und Pflegeverfahren variieren je nach den pers\u00f6nlichen Vorlieben. Wenn Sie aufgrund von Haarausfall an Selbstvertrauen einb\u00fc\u00dfen, kann eine Haarprothese eine ideale L\u00f6sung f\u00fcr Sie sein. Wenn Sie regionale Preisrecherchen durchf\u00fchren, wie z. B. die Preise f\u00fcr Haarprothesen in Izmir, k\u00f6nnen Sie eine Option finden, die zu Ihrem Budget passt.<\/p>\n\n\n\n<p>Denken Sie daran, dass eine regelm\u00e4\u00dfige Pflege der Haarprothese und ihre Anwendung durch Experten sehr wichtig f\u00fcr eine lange Lebensdauer ist. Wenn Sie nach einer wirksamen L\u00f6sung gegen Haarausfall suchen, k\u00f6nnen Sie eine Haarprothese in Betracht ziehen.<\/p>","protected":false},"excerpt":{"rendered":"<p>Protez Sa\u00e7 Modelleri ve Fiyatlar\u0131 Hakk\u0131nda Detayl\u0131 Rehber Protez sa\u00e7, sa\u00e7 d\u00f6k\u00fclmesi ya\u015fayan bireyler i\u00e7in estetik ve pratik bir \u00e7\u00f6z\u00fcm sunan bir y\u00f6ntemdir. G\u00fcn\u00fcm\u00fczde hem kad\u0131nlar hem de erkekler taraf\u0131ndan tercih edilen bu y\u00f6ntem, do\u011fal g\u00f6r\u00fcn\u00fcm\u00fc ve kullan\u0131m kolayl\u0131\u011f\u0131 ile dikkat \u00e7ekmektedir. Bu yaz\u0131da, protez sa\u00e7 modelleri, fiyatlar\u0131, kullan\u0131c\u0131 yorumlar\u0131 ve bak\u0131m s\u00fcre\u00e7leri hakk\u0131nda detayl\u0131 [&hellip;]<\/p>","protected":false},"author":1,"featured_media":0,"parent":0,"menu_order":0,"comment_status":"closed","ping_status":"closed","template":"","meta":{"footnotes":""},"class_list":["post-2388","page","type-page","status-publish","hentry"],"_links":{"self":[{"href":"https:\/\/bulutprotezsac.com\/de\/wp-json\/wp\/v2\/pages\/2388","targetHints":{"allow":["GET"]}}],"collection":[{"href":"https:\/\/bulutprotezsac.com\/de\/wp-json\/wp\/v2\/pages"}],"about":[{"href":"https:\/\/bulutprotezsac.com\/de\/wp-json\/wp\/v2\/types\/page"}],"author":[{"embeddable":true,"href":"https:\/\/bulutprotezsac.com\/de\/wp-json\/wp\/v2\/users\/1"}],"replies":[{"embeddable":true,"href":"https:\/\/bulutprotezsac.com\/de\/wp-json\/wp\/v2\/comments?post=2388"}],"version-history":[{"count":1,"href":"https:\/\/bulutprotezsac.com\/de\/wp-json\/wp\/v2\/pages\/2388\/revisions"}],"predecessor-version":[{"id":2389,"href":"https:\/\/bulutprotezsac.com\/de\/wp-json\/wp\/v2\/pages\/2388\/revisions\/2389"}],"wp:attachment":[{"href":"https:\/\/bulutprotezsac.com\/de\/wp-json\/wp\/v2\/media?parent=2388"}],"curies":[{"name":"wp","href":"https:\/\/api.w.org\/{rel}","templated":true}]}}